{"id":3418,"date":"2018-04-16T18:22:47","date_gmt":"2018-04-16T18:22:47","guid":{"rendered":"http:\/\/themeforest.unitedthemes.com\/wpversions\/brooklyn\/xml\/demo14\/index.php\/gallery-copy\/"},"modified":"2022-03-21T10:10:17","modified_gmt":"2022-03-21T09:10:17","slug":"contact-us","status":"publish","type":"page","link":"https:\/\/babercottage.hu\/?page_id=3418","title":{"rendered":"Kapcsolat"},"content":{"rendered":"<div class=\"wpb-content-wrapper\"><p>[vc_section css=&#8221;.vc_custom_1523927157108{padding-bottom: 0px !important;}&#8221; el_name=&#8221;Padding Bottom 0px&#8221;][vc_row][vc_column width=&#8221;1\/2&#8243; effect=&#8221;none&#8221;]<style type=\"text\/css\">#ut_custom_heading69fb31a388e19 { color:#8e7364; }#ut_custom_heading69fb31a388e19 { font-family: \"Kalam\";font-weight:400;font-style:normal; }#ut_custom_heading69fb31a388e19 { font-size:22px !important; }#ut_custom_heading69fb31a388e19 { text-align:left; }@media (min-width: 768px) and (max-width: 1024px) { #ut_custom_heading69fb31a388e19 { text-align:left; } }@media (max-width: 767px) { #ut_custom_heading69fb31a388e19 { text-align:left; } }<\/style><h6 id=\"ut_custom_heading69fb31a388e19\" data-responsive-font=\"h6\" data-responsive-font-settings=\"{&quot;base-font-size&quot;:&quot;22&quot;,&quot;font-size-unit&quot;:&quot;px&quot;,&quot;font-size&quot;:{&quot;desktop_large&quot;:&quot;22&quot;},&quot;base-line-height&quot;:&quot;global&quot;,&quot;base-letter-spacing&quot;:&quot;global&quot;}\" class=\"ut-custom-heading-module   vc_custom_1646160353213\" ><span class=\"\" ><\/span><\/h6><div class=\"wpb_content_element \"><style type=\"text\/css\">#ut_header_69fb31a38de77 h2.section-title{ font-family: \"Libre Baskerville\";font-weight:400;font-style:normal; }#ut_header_69fb31a38de77 h2.section-title { font-size:46px !important;letter-spacing:0.04em; }@media (min-width: 1025px) and (max-width: 1679px) {#ut_header_69fb31a38de77 h2.section-title { letter-spacing:0.04em; }}@media (min-width: 768px) and (max-width: 1024px) {#ut_header_69fb31a38de77 h2.section-title { letter-spacing:0.04em; }}@media (max-width: 767px) {#ut_header_69fb31a38de77 h2.section-title { letter-spacing:0.04em; }}<\/style><header id=\"ut_header_69fb31a38de77\" class=\"section-header  ut-no-title-linebreak-mobile ut-no-title-linebreak-tablet ut-no-lead-linebreak-mobile pt-style-7 header-left header-tablet-left header-mobile-center\"><h2 data-title=\"Bab\u00e9r Cottage\"  data-responsive-font=\"section_title\" data-responsive-font-settings=\"{&quot;base-font-size&quot;:&quot;global&quot;,&quot;font-size&quot;:{&quot;desktop_large&quot;:&quot;46&quot;},&quot;base-line-height&quot;:&quot;global&quot;,&quot;base-letter-spacing&quot;:&quot;0.04&quot;,&quot;letter-spacing&quot;:{&quot;desktop_large&quot;:&quot;0.04&quot;}}\" class=\"section-title  \"><span>Bab\u00e9r Cottage<\/span><\/h2><div data-delay=\"0\" class=\"lead \"><p>Eg\u00e9sz \u00e9vben v\u00e1rjuk tihanyi felt\u00f6lt\u0151d\u00e9sre \u00faj \u00e9s visszat\u00e9r\u0151 kedves Vend\u00e9geinket.<br \/>\nAmennyiben k\u00e9rd\u00e9sed lenne, keress fel benn\u00fcnket el\u00e9rhet\u0151s\u00e9geinken.<\/p>\n<\/div><\/header><\/div><div class=\"wpb_content_element \"><style class=\"bklyn-inline-styles\" type=\"text\/css\">#ut_fl_69fb31a38ee83651925332.bklyn-fancy-list { font-size: 16px !important; }#ut_fl_69fb31a38ee83651925332.bklyn-fancy-list { line-height: 32px !important; }#ut_fl_69fb31a38ee83651925332.bklyn-fancy-list li .fa { font-size: 20px; }#ut_fl_69fb31a38ee83651925332 .fa { color: #8e7364; }#ut_fl_69fb31a38ee83651925332 a .fa { color: #8e7364; }#ut_fl_69fb31a38ee83651925332 a:visited .fa { color: #8e7364; }#ut_fl_69fb31a38ee83651925332 { color: #474b54; }#ut_fl_69fb31a38ee83651925332 a { color: #474b54; }#ut_fl_69fb31a38ee83651925332 a:visited { color: #474b54; }#ut_fl_69fb31a38ee83651925332 a:hover .fa { color: #474b54; }#ut_fl_69fb31a38ee83651925332 a:focus .fa { color: #474b54; }#ut_fl_69fb31a38ee83651925332 a:active .fa { color: #474b54; }#ut_fl_69fb31a38ee83651925332 a:hover { color: #8e7364; }#ut_fl_69fb31a38ee83651925332 a:focus { color: #8e7364; }#ut_fl_69fb31a38ee83651925332 a:active { color: #8e7364; }<\/style><div id=\"ut_fl_69fb31a38ee83651925332\" class=\"bklyn-fancy-list  bklyn-fancy-list-left bklyn-fancy-list-tablet-left bklyn-fancy-list-mobile-center\"><ul class=\"bklyn-list bklyn-list-style-none\" data-appear-top-offset=\"almost\"><li class=\"bklyn-list-item-space-xsmall bklyn-fancy-list-item-has-icon bklyn-fancy-list-item-has-icon-center\"><i class=\"fa fa-map-marker\"><\/i><div class=\"bklyn-fancy-list-content\"><span><b>Kiss utca 4, Tihany, 8237, Magyarorsz\u00e1g<\/b><\/span><\/div><\/a><\/li><li class=\"bklyn-list-item-space-xsmall bklyn-fancy-list-item-has-icon bklyn-fancy-list-item-has-icon-center\"><i class=\"fa fa-phone\"><\/i><div class=\"bklyn-fancy-list-content\"><span><b>+36 30 1477077<\/b><\/span><\/div><\/a><\/li><li class=\"bklyn-list-item-space-xsmall bklyn-fancy-list-item-has-icon bklyn-fancy-list-item-has-icon-center\"><a title=\"\" href=\"mailto:contact@yoursite.com\" target=\"_self\" ><i class=\"fa fa-envelope-o\"><\/i><div class=\"bklyn-fancy-list-content\"><span><b>kapcsolat@babercottage.hu<\/b><\/span><\/div><\/a><\/li><\/ul><\/div><\/div><style type=\"text\/css\">#ut_custom_heading69fb31a38efd8 { font-size:24px !important; }#ut_custom_heading69fb31a38efd8 { text-align:left; }@media (min-width: 768px) and (max-width: 1024px) { #ut_custom_heading69fb31a38efd8 { text-align:left; } }@media (max-width: 767px) { #ut_custom_heading69fb31a38efd8 { text-align:left; } }<\/style><h3 id=\"ut_custom_heading69fb31a38efd8\" data-responsive-font=\"h3\" data-responsive-font-settings=\"{&quot;base-font-size&quot;:&quot;global&quot;,&quot;font-size&quot;:{&quot;desktop_large&quot;:&quot;24&quot;},&quot;base-line-height&quot;:&quot;global&quot;,&quot;base-letter-spacing&quot;:&quot;global&quot;}\" class=\"ut-custom-heading-module  \" ><span class=\"\" >Itt is megtal\u00e1lsz benn\u00fcnket<\/span><\/h3><div class=\"wpb_content_element \"><style class=\"bklyn-inline-styles\" type=\"text\/css\">#ut_sf_69fb31a38f048 li a i { color: #8e7364; }#ut_sf_69fb31a38f048 li a:hover i { color: #474b54; }#ut_sf_69fb31a38f048 li a:focus i { color: #474b54; }#ut_sf_69fb31a38f048 { font-size: 40px; }<\/style><ul id=\"ut_sf_69fb31a38f048\" class=\"ut-social-follow-module  ut-social-follow-module-left ut-social-follow-module-tablet-left ut-social-follow-module-mobile-center ut-social-follow-module-40 Pixel\" data-settings=\"{&quot;animate&quot;:false,&quot;effect&quot;:&quot;&quot;,&quot;delay_animation&quot;:false,&quot;global_delay_animation&quot;:false,&quot;delay_timer&quot;:100,&quot;global_delay_timer&quot;:100}\"><li  class=\"ut-social-follow-0 ut-social-follow-icon-only \"><a class=\"ut-social-follow-link\" title=\"\" href=\"https:\/\/www.facebook.com\/BaberCottage\" area-label=\"\" target=\"_self\" ><i class=\"fa fa-facebook\"><\/i><\/a><\/li><\/ul><\/div>[\/vc_column][vc_column width=&#8221;1\/2&#8243;]<div id=\"ut_cf7_colors_69fb31a38f095\" class=\"wpb_content_element  \">\n<div class=\"wpcf7 no-js\" id=\"wpcf7-f41-o1\" lang=\"hu-HU\" dir=\"ltr\" data-wpcf7-id=\"41\">\n<div class=\"screen-reader-response\"><p role=\"status\" aria-live=\"polite\" aria-atomic=\"true\"><\/p> <ul><\/ul><\/div>\n<form action=\"\/index.php?rest_route=%2Fwp%2Fv2%2Fpages%2F3418#wpcf7-f41-o1\" method=\"post\" class=\"wpcf7-form init\" aria-label=\"Kapcsolatfelv\u00e9teli \u0171rlap\" novalidate=\"novalidate\" data-status=\"init\">\n<fieldset class=\"hidden-fields-container\"><input type=\"hidden\" name=\"_wpcf7\" value=\"41\" \/><input type=\"hidden\" name=\"_wpcf7_version\" value=\"6.1.5\" \/><input type=\"hidden\" name=\"_wpcf7_locale\" value=\"hu_HU\" \/><input type=\"hidden\" name=\"_wpcf7_unit_tag\" value=\"wpcf7-f41-o1\" \/><input type=\"hidden\" name=\"_wpcf7_container_post\" value=\"0\" \/><input type=\"hidden\" name=\"_wpcf7_posted_data_hash\" value=\"\" \/>\n<\/fieldset>\n<p><label> N\u00e9v<br \/>\n<span class=\"wpcf7-form-control-wrap\" data-name=\"your-name\"><input size=\"40\" maxlength=\"400\" class=\"wpcf7-form-control wpcf7-text wpcf7-validates-as-required\" aria-required=\"true\" aria-invalid=\"false\" value=\"\" type=\"text\" name=\"your-name\" \/><\/span> <\/label>\n<\/p>\n<p><label> E-mail c\u00edm<br \/>\n<span class=\"wpcf7-form-control-wrap\" data-name=\"your-email\"><input size=\"40\" maxlength=\"400\" class=\"wpcf7-form-control wpcf7-email wpcf7-validates-as-required wpcf7-text wpcf7-validates-as-email\" aria-required=\"true\" aria-invalid=\"false\" value=\"\" type=\"email\" name=\"your-email\" \/><\/span> <\/label>\n<\/p>\n<p><label> T\u00e1rgy<br \/>\n<span class=\"wpcf7-form-control-wrap\" data-name=\"your-subject\"><input size=\"40\" maxlength=\"400\" class=\"wpcf7-form-control wpcf7-text wpcf7-validates-as-required\" aria-required=\"true\" aria-invalid=\"false\" value=\"\" type=\"text\" name=\"your-subject\" \/><\/span> <\/label>\n<\/p>\n<p><label> \u00dczenet<br \/>\n<span class=\"wpcf7-form-control-wrap\" data-name=\"your-message\"><textarea cols=\"40\" rows=\"10\" maxlength=\"2000\" class=\"wpcf7-form-control wpcf7-textarea\" aria-invalid=\"false\" name=\"your-message\"><\/textarea><\/span> <\/label>\n<\/p>\n<p><input class=\"wpcf7-form-control wpcf7-submit has-spinner\" type=\"submit\" value=\"Bek\u00fcld\u00e9s\" \/>\n<\/p><p style=\"display: none !important;\"><label>&#916;<textarea name=\"_wpcf7_ak_hp_textarea\" cols=\"45\" rows=\"8\" maxlength=\"100\"><\/textarea><\/label><input type=\"hidden\" id=\"ak_js_1\" name=\"_wpcf7_ak_js\" value=\"74\"\/><script>document.getElementById( \"ak_js_1\" ).setAttribute( \"value\", ( new Date() ).getTime() );<\/script><\/p><div class=\"wpcf7-response-output\" aria-hidden=\"true\"><\/div>\n<\/form>\n<\/div>\n<\/div>[\/vc_column][\/vc_row][vc_row full_width=&#8221;stretch_row_content_no_spaces&#8221; el_name=&#8221;Margin Bottom 0px&#8221;][vc_column]<div class=\"wpb_content_element  vc_custom_1647853813144\"><style type=\"text\/css\">@media (max-width: 767px) {#ut_google_map_wrap69fb31a38fe4b {height: 60vh;}}@media (max-width: 767px) {#ut_google_map_wrap69fb31a38fe4b {width: 100%;}}@media (min-width: 768px) and (max-width: 1024px) {#ut_google_map_wrap69fb31a38fe4b {height: 60vh;}}@media (min-width: 768px) and (max-width: 1024px) {#ut_google_map_wrap69fb31a38fe4b {width: 100%;}}@media (min-width: 1025px) {#ut_google_map_wrap69fb31a38fe4b {height: 50vh;}}<\/style><div id=\"ut_google_map_wrap69fb31a38fe4b\" class=\"ut-advanced-google-map-wrap  ut-advanced-google-map-wrap-center\"><div id=\"ut_google_map_69fb31a38fe47\" class=\"ut-advanced-google-map\" data-address=\"Kiss utca 4, Tihany\" data-key=\"AIzaSyBk-995YalcmU2zozM907Rw8cHC6cysH5k\" data-settings=\"{&quot;styles&quot;:[{&quot;featureType&quot;:&quot;water&quot;,&quot;elementType&quot;:&quot;geometry&quot;,&quot;stylers&quot;:[{&quot;color&quot;:&quot;#e9e9e9&quot;},{&quot;lightness&quot;:17}]},{&quot;featureType&quot;:&quot;landscape&quot;,&quot;elementType&quot;:&quot;geometry&quot;,&quot;stylers&quot;:[{&quot;color&quot;:&quot;#f5f5f5&quot;},{&quot;lightness&quot;:20}]},{&quot;featureType&quot;:&quot;road.highway&quot;,&quot;elementType&quot;:&quot;geometry.fill&quot;,&quot;stylers&quot;:[{&quot;color&quot;:&quot;#ffffff&quot;},{&quot;lightness&quot;:17}]},{&quot;featureType&quot;:&quot;road.highway&quot;,&quot;elementType&quot;:&quot;geometry.stroke&quot;,&quot;stylers&quot;:[{&quot;color&quot;:&quot;#ffffff&quot;},{&quot;lightness&quot;:29},{&quot;weight&quot;:0.2}]},{&quot;featureType&quot;:&quot;road.arterial&quot;,&quot;elementType&quot;:&quot;geometry&quot;,&quot;stylers&quot;:[{&quot;color&quot;:&quot;#ffffff&quot;},{&quot;lightness&quot;:18}]},{&quot;featureType&quot;:&quot;road.local&quot;,&quot;elementType&quot;:&quot;geometry&quot;,&quot;stylers&quot;:[{&quot;color&quot;:&quot;#ffffff&quot;},{&quot;lightness&quot;:16}]},{&quot;featureType&quot;:&quot;poi&quot;,&quot;elementType&quot;:&quot;geometry&quot;,&quot;stylers&quot;:[{&quot;color&quot;:&quot;#f5f5f5&quot;},{&quot;lightness&quot;:21}]},{&quot;featureType&quot;:&quot;poi.park&quot;,&quot;elementType&quot;:&quot;geometry&quot;,&quot;stylers&quot;:[{&quot;color&quot;:&quot;#dedede&quot;},{&quot;lightness&quot;:21}]},{&quot;elementType&quot;:&quot;labels.text.stroke&quot;,&quot;stylers&quot;:[{&quot;visibility&quot;:&quot;on&quot;},{&quot;color&quot;:&quot;#ffffff&quot;},{&quot;lightness&quot;:16}]},{&quot;elementType&quot;:&quot;labels.text.fill&quot;,&quot;stylers&quot;:[{&quot;saturation&quot;:36},{&quot;color&quot;:&quot;#333333&quot;},{&quot;lightness&quot;:40}]},{&quot;elementType&quot;:&quot;labels.icon&quot;,&quot;stylers&quot;:[{&quot;visibility&quot;:&quot;off&quot;}]},{&quot;featureType&quot;:&quot;transit&quot;,&quot;elementType&quot;:&quot;geometry&quot;,&quot;stylers&quot;:[{&quot;color&quot;:&quot;#f2f2f2&quot;},{&quot;lightness&quot;:19}]},{&quot;featureType&quot;:&quot;administrative&quot;,&quot;elementType&quot;:&quot;geometry.fill&quot;,&quot;stylers&quot;:[{&quot;color&quot;:&quot;#fefefe&quot;},{&quot;lightness&quot;:20}]},{&quot;featureType&quot;:&quot;administrative&quot;,&quot;elementType&quot;:&quot;geometry.stroke&quot;,&quot;stylers&quot;:[{&quot;color&quot;:&quot;#fefefe&quot;},{&quot;lightness&quot;:17},{&quot;weight&quot;:1.2}]}],&quot;zoom&quot;:10,&quot;marker&quot;:&quot;https:\\\/\\\/babercottage.hu\\\/wp-content\\\/uploads\\\/2018\\\/04\\\/map-icon.png&quot;} \"><\/div><\/div><\/div>[\/vc_column][\/vc_row][\/vc_section]<\/p>\n<\/div>","protected":false},"excerpt":{"rendered":"<p>[vc_section css=&#8221;.vc_custom_1523927157108{padding-bottom: 0px !important;}&#8221; el_name=&#8221;Padding Bottom 0px&#8221;][vc_row][vc_column width=&#8221;1\/2&#8243; effect=&#8221;none&#8221;][\/vc_column][vc_column width=&#8221;1\/2&#8243;][\/vc_column][\/vc_row][vc_row full_width=&#8221;stretch_row_content_no_spaces&#8221; el_name=&#8221;Margin Bottom 0px&#8221;][vc_column][\/vc_column][\/vc_row][\/vc_section]<\/p>\n","protected":false},"author":1,"featured_media":0,"parent":0,"menu_order":0,"comment_status":"closed","ping_status":"closed","template":"","meta":{"footnotes":""},"class_list":["post-3418","page","type-page","status-publish","hentry"],"_links":{"self":[{"href":"https:\/\/babercottage.hu\/index.php?rest_route=\/wp\/v2\/pages\/3418","targetHints":{"allow":["GET"]}}],"collection":[{"href":"https:\/\/babercottage.hu\/index.php?rest_route=\/wp\/v2\/pages"}],"about":[{"href":"https:\/\/babercottage.hu\/index.php?rest_route=\/wp\/v2\/types\/page"}],"author":[{"embeddable":true,"href":"https:\/\/babercottage.hu\/index.php?rest_route=\/wp\/v2\/users\/1"}],"replies":[{"embeddable":true,"href":"https:\/\/babercottage.hu\/index.php?rest_route=%2Fwp%2Fv2%2Fcomments&post=3418"}],"version-history":[{"count":15,"href":"https:\/\/babercottage.hu\/index.php?rest_route=\/wp\/v2\/pages\/3418\/revisions"}],"predecessor-version":[{"id":4045,"href":"https:\/\/babercottage.hu\/index.php?rest_route=\/wp\/v2\/pages\/3418\/revisions\/4045"}],"wp:attachment":[{"href":"https:\/\/babercottage.hu\/index.php?rest_route=%2Fwp%2Fv2%2Fmedia&parent=3418"}],"curies":[{"name":"wp","href":"https:\/\/api.w.org\/{rel}","templated":true}]}}