{"id":4070,"date":"2022-05-11T18:42:08","date_gmt":"2022-05-11T16:42:08","guid":{"rendered":"https:\/\/babercottage.hu\/?page_id=4070"},"modified":"2022-08-21T21:06:26","modified_gmt":"2022-08-21T19:06:26","slug":"szep-kartya-fizetes","status":"publish","type":"page","link":"https:\/\/babercottage.hu\/?page_id=4070","title":{"rendered":"SZ\u00c9P K\u00e1rty\u00e1s fizet\u00e9s"},"content":{"rendered":"<div class=\"wpb-content-wrapper\"><p>[vc_row][vc_column]<div class=\"wpb_content_element \"><style type=\"text\/css\">#ut_header_69fb3ce088973 h1.page-title { font-size:63px !important; }<\/style><header id=\"ut_header_69fb3ce088973\" class=\"page-header page-title-module  ut-no-title-linebreak-mobile ut-no-lead-linebreak-mobile pt-style-7 header-center header-tablet-center header-mobile-center\"><h1 data-title=\"SZ\u00c9P K\u00e1rty\u00e1s fizet\u00e9s\"  data-responsive-font=\"page_title\" data-responsive-font-settings=\"{&quot;base-font-size&quot;:&quot;global&quot;,&quot;font-size&quot;:{&quot;desktop_large&quot;:&quot;63&quot;},&quot;base-line-height&quot;:&quot;global&quot;,&quot;base-letter-spacing&quot;:&quot;global&quot;}\" class=\"page-title  \"><span>SZ\u00c9P K\u00e1rty\u00e1s fizet\u00e9s<\/span><\/h1><\/header><\/div>[vc_column_text]<\/p>\n<h4><strong>Fontos, hogy a SZ\u00c9P k\u00e1rty\u00e1s utal\u00e1sok banki bizonylat\u00e1t sz\u00fcks\u00e9ges let\u00f6lteni \u00e9s e-mailben elk\u00fcldeni nek\u00fcnk a foglal\u00e1s visszaigazol\u00e1s\u00e1hoz.<\/strong><\/h4>\n<h4><strong>SZ\u00c9P k\u00e1rty\u00e1s fizet\u00e9s eset\u00e9n el\u0151re utal\u00e1s sz\u00fcks\u00e9ges a k\u00f6vetkez\u0151 m\u00f3dokon:<\/strong><\/h4>\n<h4><strong>Fizet\u00e9s menete:<\/strong><\/h4>\n<p>A megfelel\u0151 bank SZ\u00c9P k\u00e1rtya weboldal\u00e1ra bel\u00e9pve kiv\u00e1lasztva a Bab\u00e9r Cottage-t.<br \/>\nK\u00e9rj\u00fck jel\u00f6ld be, hogy a bizonylatot k\u00fcldje el a sz\u00e1ll\u00e1shelynek.[\/vc_column_text][\/vc_column][\/vc_row]<\/p>\n<\/div>","protected":false},"excerpt":{"rendered":"<p>[vc_row][vc_column][vc_column_text] Fontos, hogy a SZ\u00c9P k\u00e1rty\u00e1s utal\u00e1sok banki bizonylat\u00e1t sz\u00fcks\u00e9ges let\u00f6lteni \u00e9s e-mailben elk\u00fcldeni nek\u00fcnk a foglal\u00e1s visszaigazol\u00e1s\u00e1hoz. SZ\u00c9P k\u00e1rty\u00e1s fizet\u00e9s eset\u00e9n el\u0151re utal\u00e1s sz\u00fcks\u00e9ges a k\u00f6vetkez\u0151 m\u00f3dokon: Fizet\u00e9s menete: A megfelel\u0151 bank SZ\u00c9P k\u00e1rtya weboldal\u00e1ra bel\u00e9pve kiv\u00e1lasztva a Bab\u00e9r Cottage-t. K\u00e9rj\u00fck jel\u00f6ld be, hogy a bizonylatot k\u00fcldje el a sz\u00e1ll\u00e1shelynek.[\/vc_column_text][\/vc_column][\/vc_row]<\/p>\n","protected":false},"author":1,"featured_media":0,"parent":0,"menu_order":0,"comment_status":"closed","ping_status":"closed","template":"","meta":{"footnotes":""},"class_list":["post-4070","page","type-page","status-publish","hentry"],"_links":{"self":[{"href":"https:\/\/babercottage.hu\/index.php?rest_route=\/wp\/v2\/pages\/4070","targetHints":{"allow":["GET"]}}],"collection":[{"href":"https:\/\/babercottage.hu\/index.php?rest_route=\/wp\/v2\/pages"}],"about":[{"href":"https:\/\/babercottage.hu\/index.php?rest_route=\/wp\/v2\/types\/page"}],"author":[{"embeddable":true,"href":"https:\/\/babercottage.hu\/index.php?rest_route=\/wp\/v2\/users\/1"}],"replies":[{"embeddable":true,"href":"https:\/\/babercottage.hu\/index.php?rest_route=%2Fwp%2Fv2%2Fcomments&post=4070"}],"version-history":[{"count":11,"href":"https:\/\/babercottage.hu\/index.php?rest_route=\/wp\/v2\/pages\/4070\/revisions"}],"predecessor-version":[{"id":4103,"href":"https:\/\/babercottage.hu\/index.php?rest_route=\/wp\/v2\/pages\/4070\/revisions\/4103"}],"wp:attachment":[{"href":"https:\/\/babercottage.hu\/index.php?rest_route=%2Fwp%2Fv2%2Fmedia&parent=4070"}],"curies":[{"name":"wp","href":"https:\/\/api.w.org\/{rel}","templated":true}]}}