{"id":4139,"date":"2024-11-25T21:59:26","date_gmt":"2024-11-25T20:59:26","guid":{"rendered":"https:\/\/babercottage.hu\/?page_id=4139"},"modified":"2026-02-06T00:59:22","modified_gmt":"2026-02-05T23:59:22","slug":"ajandek-kartya","status":"publish","type":"page","link":"https:\/\/babercottage.hu\/?page_id=4139","title":{"rendered":"Voucher \u00e9s kedvezm\u00e9nyek"},"content":{"rendered":"<div class=\"wpb-content-wrapper\"><p>[vc_row][vc_column][vc_column_text]<\/p>\n<h3 style=\"text-align: center;\">Felt\u00f6lt\u0151d\u00e9s orsz\u00e1gos kamp\u00e1ny 2026<\/h3>\n<p style=\"text-align: center;\">Kedves Vend\u00e9geink!<br \/>\nA Felt\u00f6lt\u0151d\u00e9s kamp\u00e1ny keret\u00e9ben a 2026. febru\u00e1r 2. \u00e9s 2026. m\u00e1rcius 15. k\u00f6z\u00f6tti id\u0151szakra t\u00f6rt\u00e9n\u0151 foglal\u00e1sok eset\u00e9ben a weblapon felt\u00fcntetett \u00e1rainkb\u00f3l 5% kedvezm\u00e9nyt biztos\u00edtunk. Foglal\u00e1s a csak a weblapon tal\u00e1lhat\u00f3 emailes \u00e9s telefonos el\u00e9rhet\u0151s\u00e9geinken lehets\u00e9ges.<\/p>\n<div dir=\"auto\" style=\"text-align: center;\">1-4 F\u0150 85.500 Ft\/\u00e9jszak\u00e1t\u00f3l ( 90.000 Ft helyett)<br \/>\n5-8 F\u0150 104.500 Ft\/\u00e9jszak\u00e1t\u00f3l\u00a0 (110.000 Ft helyett)<\/div>\n<div dir=\"auto\"><\/div>\n<div style=\"text-align: center;\">A foglal\u00e1sn\u00e1l k\u00e9rj\u00fck jelezze, hogy t\u00e9li felt\u00f6lt\u0151d\u00e9s.<\/div>\n<p style=\"text-align: center;\">Kellemes felt\u00f6lt\u0151d\u00e9st k\u00edv\u00e1nunk!<br \/>\nBab\u00e9r Cottage Csapata<\/p>\n<p>[\/vc_column_text][vc_column_text]<\/p>\n<h3 style=\"text-align: center;\">T\u00e1j\u00e9koztat\u00f3 Aj\u00e1nd\u00e9kutalv\u00e1ny felhaszn\u00e1l\u00e1s\u00e1hoz<\/h3>\n<p style=\"text-align: center;\">Szeretettel v\u00e1rjuk a Bab\u00e9r Cottage Vend\u00e9gh\u00e1zban!<br \/>\nUtaz\u00e1sa el\u0151tt p\u00e1r fontos inform\u00e1ci\u00f3t szeretn\u00e9nk \u00d6nnek \u00e1tadni az utalv\u00e1ny felhaszn\u00e1l\u00e1s\u00e1nak m\u00f3dj\u00e1r\u00f3l.<\/p>\n<p style=\"text-align: center;\">Az aj\u00e1nd\u00e9kutalv\u00e1nyt el\u0151re egyeztetett id\u0151pontban, a foglalts\u00e1gunk f\u00fcggv\u00e9ny\u00e9ben, a foglal\u00e1si<br \/>\nszab\u00e1lyaink szerint, az utalv\u00e1nyon jelzett id\u0151pontig lehet felhaszn\u00e1lni.<\/p>\n<p style=\"text-align: center;\">A foglal\u00e1skor, k\u00e9rj\u00fck el\u0151re jelezze fel\u00e9nk az aj\u00e1nd\u00e9kk\u00e1rty\u00e1val t\u00f6rt\u00e9n\u0151 fizet\u00e9st.<\/p>\n<p style=\"text-align: center;\">Kiz\u00e1r\u00f3lag a honlapon t\u00f6rt\u00e9n\u0151 foglal\u00e1shoz haszn\u00e1lhat\u00f3 fel. www.babercottage.hu<\/p>\n<p style=\"text-align: center;\">Egy\u00e9jszak\u00e1s foglal\u00e1s vend\u00e9gh\u00e1zunkban nem lehets\u00e9ges.<\/p>\n<p style=\"text-align: center;\">Vend\u00e9gh\u00e1zunkat gyermekek 8 \u00e9ves kort\u00f3l, sz\u00fcl\u0151i k\u00eds\u00e9rettel l\u00e1togathatj\u00e1k,\u00a0 meg\u00e9rt\u00e9seteket el\u0151re is\u00a0k\u00f6sz\u00f6nj\u00fck.<\/p>\n<p style=\"text-align: center;\">Vend\u00e9gh\u00e1zunkba \u00e9s annak ter\u00fclet\u00e9re h\u00e1zi\u00e1llat nem hozhat\u00f3 be.<\/p>\n<p style=\"text-align: center;\">Az utalv\u00e1ny \u00e9rt\u00e9ke nem visszat\u00e9r\u00edthet\u0151.<\/p>\n<p style=\"text-align: center;\">Vend\u00e9gh\u00e1zunkr\u00f3l m\u00e9g t\u00f6bb inform\u00e1ci\u00f3 a www.babercottage.hu weboldalon tal\u00e1lhat\u00f3.<\/p>\n<p style=\"text-align: center;\">C\u00edm\u00fcnk \u00e9s el\u00e9rhet\u0151s\u00e9geink:<br \/>\nBab\u00e9r Cottage Vend\u00e9gh\u00e1z<br \/>\n8237 Tihany, Kiss u. 4.<br \/>\nTel: +36 30-\u00a0147-7077<br \/>\nwww.babercottage.hu<\/p>\n<p>&nbsp;<\/p>\n<h3 style=\"text-align: center;\">Kedvezm\u00e9nyek<\/h3>\n<p style=\"text-align: center;\">Kedves Vend\u00e9g\u00fcnk!<br \/>\nA Bab\u00e9r Cottage vend\u00e9gek\u00e9nt az al\u00e1bbi kedvezm\u00e9nyeket veheti ig\u00e9nybe a n\u00e1lunk<br \/>\nt\u00f6lt\u00f6tt pihen\u00e9se alatt.<br \/>\nKellemes id\u0151t\u00f6lt\u00e9st k\u00edv\u00e1nunk!<br \/>\na Bab\u00e9r Cottage csapata<br \/>\nOtthon, St\u00edlus, Tihany<\/p>\n<p style=\"text-align: center;\">1,<br \/>\nAz Ap\u00e1ts\u00e1gi Rege Cukr\u00e1szd\u00e1ban kedvezm\u00e9nyes fix \u00e1ras (3990 HUF\/f\u0151) reggeli a<br \/>\nvend\u00e9gh\u00e1zunkban kihelyezett \u00e9tlap szerint. K\u00e9rj\u00fck, a helysz\u00ednen hivatkozzon a Bab\u00e9r<br \/>\nCottage sz\u00e1ll\u00e1shelyre!<\/p>\n<p style=\"text-align: center;\">2,<br \/>\n15% kedvezm\u00e9ny a plasztik k\u00e1rty\u00e1ra<br \/>\na KIEMELT HELLO TIHANY PARTNEREK-n\u00e9l<\/p>\n<p style=\"text-align: center;\">Echo \u00c9tterem \u00e9s K\u00e1v\u00e9z\u00f3 \u2013 Tihany, Visszhang Domb 23. \u2013\u00a0www.echoetterem.hu<br \/>\nAp\u00e1ts\u00e1gi Rege Cukr\u00e1szda \u2013 Tihany, Kossuth Lajos u. 22. \u2013\u00a0www.regecukraszda.hu<br \/>\nVilla Pisky \u2013 Tihany, Hal\u00e1sz k\u00f6z 9.- www.\/villapisky.hu\/<br \/>\nLavender Tihany \u2013 Tihany, Major u. 65. \u2013\u00a0www.lavendertihany.hu<br \/>\nLavender Garden \u2013 Tihany, Kossuth Lajos u. 33.<br \/>\nTihanyi Levendula K\u00e9zm\u0171ves Fagyiz\u00f3 \u2013 Tihany, Kossuth Lajos u. 31.<br \/>\nLavender Tihany Shop \u2013 Tihany, Battyh\u00e1ny u. 1.<br \/>\nLavender Tihany Kis Shop &#8211; Tihany, Kossuth Lajos u. 33<br \/>\nLavender Tihany Boutique &#8211; Tihany, Kossuth Lajos u. 24.<br \/>\nDott\u00f3 Kisvonat Tihany<\/p>\n<p style=\"text-align: center;\">3,<br \/>\n10% kedvezm\u00e9ny a kulcstart\u00f3 felmutat\u00e1sa eset\u00e9n:<br \/>\nT\u00fcnd\u00e9rsziget Tihany &#8211; Tihany, Kossuth L. u. 29 &#8211;\u00a0www.tundersziget.hu<br \/>\nKotyog\u00f3s K\u00e1v\u00e9terasz &#8211; Tihany, Aranyh\u00e1z u. Bels\u0151-t\u00f3 partja<br \/>\nBrunch 23 Tihany \u2013 Tihany, Kossuth L. u. 23.<\/p>\n<p>&nbsp;<\/p>\n<p>[\/vc_column_text][\/vc_column][\/vc_row]<\/p>\n<\/div>","protected":false},"excerpt":{"rendered":"<p>[vc_row][vc_column][vc_column_text] Felt\u00f6lt\u0151d\u00e9s orsz\u00e1gos kamp\u00e1ny 2026 Kedves Vend\u00e9geink! A Felt\u00f6lt\u0151d\u00e9s kamp\u00e1ny keret\u00e9ben a 2026. febru\u00e1r 2. \u00e9s 2026. m\u00e1rcius 15. k\u00f6z\u00f6tti id\u0151szakra t\u00f6rt\u00e9n\u0151 foglal\u00e1sok eset\u00e9ben a weblapon felt\u00fcntetett \u00e1rainkb\u00f3l 5% kedvezm\u00e9nyt biztos\u00edtunk. Foglal\u00e1s a csak a weblapon tal\u00e1lhat\u00f3 emailes \u00e9s telefonos el\u00e9rhet\u0151s\u00e9geinken lehets\u00e9ges. 1-4 F\u0150 85.500 Ft\/\u00e9jszak\u00e1t\u00f3l ( 90.000 Ft helyett) 5-8 F\u0150 104.500 Ft\/\u00e9jszak\u00e1t\u00f3l\u00a0 (110.000 [&hellip;]<\/p>\n","protected":false},"author":1,"featured_media":0,"parent":0,"menu_order":0,"comment_status":"closed","ping_status":"closed","template":"","meta":{"footnotes":""},"class_list":["post-4139","page","type-page","status-publish","hentry"],"_links":{"self":[{"href":"https:\/\/babercottage.hu\/index.php?rest_route=\/wp\/v2\/pages\/4139","targetHints":{"allow":["GET"]}}],"collection":[{"href":"https:\/\/babercottage.hu\/index.php?rest_route=\/wp\/v2\/pages"}],"about":[{"href":"https:\/\/babercottage.hu\/index.php?rest_route=\/wp\/v2\/types\/page"}],"author":[{"embeddable":true,"href":"https:\/\/babercottage.hu\/index.php?rest_route=\/wp\/v2\/users\/1"}],"replies":[{"embeddable":true,"href":"https:\/\/babercottage.hu\/index.php?rest_route=%2Fwp%2Fv2%2Fcomments&post=4139"}],"version-history":[{"count":10,"href":"https:\/\/babercottage.hu\/index.php?rest_route=\/wp\/v2\/pages\/4139\/revisions"}],"predecessor-version":[{"id":7826,"href":"https:\/\/babercottage.hu\/index.php?rest_route=\/wp\/v2\/pages\/4139\/revisions\/7826"}],"wp:attachment":[{"href":"https:\/\/babercottage.hu\/index.php?rest_route=%2Fwp%2Fv2%2Fmedia&parent=4139"}],"curies":[{"name":"wp","href":"https:\/\/api.w.org\/{rel}","templated":true}]}}