{"id":4168,"date":"2025-09-08T02:33:53","date_gmt":"2025-09-08T00:33:53","guid":{"rendered":"https:\/\/babercottage.hu\/?page_id=4168"},"modified":"2025-09-08T02:37:25","modified_gmt":"2025-09-08T00:37:25","slug":"hazirend","status":"publish","type":"page","link":"https:\/\/babercottage.hu\/?page_id=4168","title":{"rendered":"H\u00e1zirend"},"content":{"rendered":"<div class=\"wpb-content-wrapper\"><p>[vc_row][vc_column][vc_column_text]<b>\u00c9rkez\u00e9s \u00e9s t\u00e1voz\u00e1s<\/b><span class=\"Apple-converted-space\">\u00a0<\/span><\/p>\n<ul>\n<li>A megadott \u00e9rkez\u00e9si\/elutaz\u00e1si id\u0151pontban a tulajdonos \u00e9s\/vagy k\u00e9pvisel\u0151je jelen van.<span class=\"Apple-converted-space\">\u00a0<\/span><\/li>\n<li>\u00c9rkez\u00e9skor a bejelent\u00e9s miatt k\u00e9rj\u00fck bemutatni szem\u00e9lyes dokumentumaikat (\u00fatlev\u00e9l vagy f\u00e9nyk\u00e9pes igazolv\u00e1ny). Elfogadott fizet\u00e9si m\u00f3dok: \u00e1tutal\u00e1s, SZ\u00c9P k\u00e1rtya, k\u00e9szp\u00e9nz.<\/li>\n<li>A sz\u00e1ll\u00e1shelyet az \u00e9rkez\u00e9snapj\u00e1n 14:00 \u00e9s 18:00 \u00f3ra k\u00f6z\u00f6tt foglalhatod el. Vend\u00e9gh\u00e1zunk nem rendelkezik \u00e1lland\u00f3 recepci\u00f3szolg\u00e1lattal, \u00edgy k\u00e9rj\u00fck \u00e9rkez\u00e9sedet legal\u00e1bb 30 perccel azt megel\u0151z\u0151en jelezd a sz\u00e1ll\u00e1sgondnokn\u00e1l. Telefon: +36 30 1477077.<span class=\"Apple-converted-space\">\u00a0 <\/span>Esetleges k\u00e9sei \u00e9rkez\u00e9sedet k\u00e9rj\u00fck szint\u00e9n el\u0151re jelezd.<span class=\"Apple-converted-space\">\u00a0<\/span><\/li>\n<li>T\u00e1voz\u00e1sod napj\u00e1n 10:00 \u00f3r\u00e1ig kell elhagynod a sz\u00e1ll\u00e1shelyet.<span class=\"Apple-converted-space\">\u00a0<\/span><\/li>\n<li>A vend\u00e9gh\u00e1zat a foglal\u00e1skor megadott l\u00e9tsz\u00e1m\u00fa vend\u00e9g veheti csak ig\u00e9nybe.<\/li>\n<li>Vend\u00e9gh\u00e1zunkat gyermekek 8 \u00e9ves kort\u00f3l, sz\u00fcl\u0151i k\u00eds\u00e9rettel l\u00e1togathatj\u00e1k, meg\u00e9rt\u00e9seteket el\u0151re is k\u00f6sz\u00f6nj\u00fck.<\/li>\n<li>Vend\u00e9gh\u00e1zunkba \u00e9s annak ter\u00fclet\u00e9re h\u00e1zi\u00e1llat nem hozhat\u00f3 be, k\u00f6sz\u00f6nj\u00fck meg\u00e9rt\u00e9seteket.<span class=\"Apple-converted-space\">\u00a0<\/span><\/li>\n<li>A sz\u00e1ll\u00e1sad\u00f3 jogosult \u2013 el\u0151zetes bejelent\u00e9s n\u00e9lk\u00fcl \u2013 ellen\u0151rizni, hogy a sz\u00e1ll\u00e1shelyen az el\u0151re bejelentett, illetve kifizetett l\u00e9tsz\u00e1mban tart\u00f3zkodnak-e a vend\u00e9gek. Az ellen\u0151rz\u00e9s nem j\u00e1rhat a vend\u00e9g zaklat\u00e1s\u00e1val \u00e9s az ellen\u0151rz\u00e9s, takar\u00edt\u00e1s sor\u00e1n a vend\u00e9g szem\u00e9lyis\u00e9gi jogai tiszteletben tart\u00e1s\u00e1val kell elj\u00e1rni.<\/li>\n<li>\u00c9rkez\u00e9skor 2 db kapu t\u00e1vir\u00e1ny\u00edt\u00f3t \u00e9s 2 db h\u00e1zkulcsot biztos\u00edtunk, melyeket a t\u00e1voz\u00e1s napj\u00e1n k\u00e9rj\u00fck a tulajdonosnak vagy megb\u00edzottj\u00e1nak \u00e1tadni.<\/li>\n<li>Az \u00e1tadott kulcsok esetleges elveszt\u00e9se eset\u00e9n a vend\u00e9gek k\u00f6telesek azt halad\u00e9ktalanul jelezni \u00e9s annak \u00e1r\u00e1t, illetve a z\u00e1rcser\u00e9t a sz\u00e1ll\u00e1sad\u00f3nak megt\u00e9r\u00edteni.<\/li>\n<li>A szomsz\u00e9dok nyugalma \u00e9rdek\u00e9ben a kertben 22:00 \u00e9s 08:00 \u00f3ra k\u00f6z\u00f6tt tilos a hangoskod\u00e1s, zen\u00e9l\u00e9s, zajjal j\u00e1r\u00f3 tev\u00e9kenys\u00e9g, hangeffektusok kelt\u00e9se.<\/li>\n<li>A vend\u00e9gh\u00e1z ter\u00fclet\u00e9n id\u0151pontt\u00f3l f\u00fcggetlen\u00fcl tilos minden olyan magatart\u00e1s, viselked\u00e9s, amely zavarja m\u00e1sok nyugalm\u00e1t, biztons\u00e1g\u00e1t, biztons\u00e1g\u00e9rzet\u00e9t, mag\u00e1nszf\u00e9r\u00e1j\u00e1t, zaklat\u00e1snak min\u0151s\u00fcl vagy min\u0151s\u00fclhet, alkalmas m\u00e1sok megf\u00e9leml\u00edt\u00e9s\u00e9re.<\/li>\n<li>Amennyiben nem tart\u00f3zkodsz a h\u00e1zban, k\u00e9r\u00fcnk, hogy kapcsold ki a l\u00e9gkondicion\u00e1l\u00f3t \u00e9s kapcsold le a l\u00e1mp\u00e1kat. V\u00e9dj\u00fck egy\u00fctt a term\u00e9szetet!<\/li>\n<li>A vend\u00e9gh\u00e1z berendez\u00e9si, felszerel\u00e9si t\u00e1rgyai a vend\u00e9gh\u00e1z ter\u00fclet\u00e9r\u0151l kiz\u00e1r\u00f3lag az \u00fczemeltet\u0151 el\u0151zetes \u00edr\u00e1sbeli enged\u00e9ly\u00e9vel vihet\u0151 ki. A vend\u00e9gh\u00e1z b\u00e1rmilyen \u00e1trendez\u00e9s\u00e9t, b\u00fatorok \u00e1thelyez\u00e9s\u00e9t kiz\u00e1r\u00f3lag az \u00fczemeltet\u0151 vagy az erre kijel\u00f6lt megb\u00edzottja v\u00e9gezheti.<\/li>\n<li>K\u00e9rj\u00fck, hogy a berendez\u00e9si t\u00e1rgyakat rendeltet\u00e9sszer\u0171en haszn\u00e1ld! A benti berendez\u00e9si \u00e9s haszn\u00e1lati t\u00e1rgyakat (\u00e1gy, \u00e1gynem\u0171, matrac, TV, hifi berendez\u00e9s, k\u00e1rpitozott fotelek stb.) ne vidd ki a kertbe. A k\u00fclt\u00e9ri b\u00fatorokhoz tartoz\u00f3 p\u00e1rn\u00e1kat \u00e9s egy\u00e9b eszk\u00f6z\u00f6ket es\u0151s id\u0151ben \u00e9s \u00e9jszak\u00e1ra ne hagyd a kertben vagy a teraszon.<\/li>\n<li>A vend\u00e9gh\u00e1zat tiszt\u00e1n kapod meg, \u00edgy k\u00e9rj\u00fck, \u00fcgyelj a rendre, tisztas\u00e1gra!<span class=\"Apple-converted-space\">\u00a0<\/span><\/li>\n<li>A kertet mi gondozzuk. K\u00e9rj\u00fck, vigy\u00e1zz a n\u00f6v\u00e9nyek \u00e9s a kerti b\u00fatorok \u00e9ps\u00e9g\u00e9re!<span class=\"Apple-converted-space\">\u00a0<\/span><\/li>\n<li>A tulajdonos vagy megb\u00edzottja jogosult figyelmeztetni vend\u00e9get, ha nem tartja be a h\u00e1zirendet. T\u00f6bbsz\u00f6ri figyelmeztet\u00e9s eset\u00e9n a sz\u00e1ll\u00e1sad\u00f3 jogosult a vend\u00e9get a h\u00e1z haszn\u00e1lat\u00e1t\u00f3l eltiltani.<span class=\"Apple-converted-space\">\u00a0 \u00a0 \u00a0 \u00a0 \u00a0 \u00a0<\/span><\/li>\n<\/ul>\n<p><b>Biztons\u00e1g<\/b><b><\/b><\/p>\n<ul>\n<li>A vend\u00e9gh\u00e1zban doh\u00e1nyozni, valamint f\u00fcst\u00f6l\u0151t, gyerty\u00e1t, m\u00e9csest haszn\u00e1lni tilos!<\/li>\n<li>Amennyiben doh\u00e1nyzol, azt a t\u0171zrak\u00f3-hely vagy a kertben tal\u00e1lhat\u00f3 hamut\u00e1lak k\u00f6rny\u00e9k\u00e9n teheted meg, k\u00e9r\u00fcnk, hogy a csikket mindig a hamutart\u00f3ba tedd.<\/li>\n<li>A szob\u00e1kba tilos bevinni b\u00e1rminem\u0171 gy\u00fal\u00e9kony anyagot, eszk\u00f6zt!<\/li>\n<li>K\u00e9rj\u00fck, hogy a h\u00e1z elhagy\u00e1sakor, t\u0171zv\u00e9delmi okokb\u00f3l, lehet\u0151leg minden esetben kapcsold ki az elektromos berendez\u00e9seket (TV, telefont\u00f6lt\u0151, l\u00e9gkondicion\u00e1l\u00f3, egy\u00e9b adapter).<\/li>\n<li>T\u0171zolt\u00f3 palack a konyh\u00e1ban tal\u00e1lhat\u00f3. A konyhaszekr\u00e9nyben kisebb els\u0151seg\u00e9ly-csomagot tal\u00e1l. Nagyobb baj eset\u00e9n h\u00edvja a 112-es seg\u00e9lyh\u00edv\u00f3 sz\u00e1mot!<\/li>\n<li>T\u0171z eset\u00e9n a vend\u00e9g k\u00f6teles halad\u00e9ktalanul h\u00edvni a 105 vagy 112 \u00e9s a +36 30 1477077-es telefonsz\u00e1mot.<\/li>\n<li>Elektromos t\u0171z eset\u00e9n t\u0171zolt\u00f3 k\u00e9sz\u00fcl\u00e9ket kiz\u00e1r\u00f3lag \u00e1ramtalan\u00edt\u00e1st k\u00f6vet\u0151en haszn\u00e1lj!<\/li>\n<li>A mikrohull\u00e1m\u00fa s\u00fct\u0151be ne tegy\u00e9l be f\u00e9met tartalmaz\u00f3 t\u00e1rgyat!<\/li>\n<li>A vend\u00e9gh\u00e1zat mindig tartsd z\u00e1rva, t\u00e1voz\u00e1skor minden alkalommal z\u00e1rd be az ablakokat, \u00e9s a kerti teraszajt\u00f3kat is, mert a szob\u00e1ban hagyott \u00e9rt\u00e9kt\u00e1rgyak\u00e9rt, k\u00e9szp\u00e9nz\u00e9rt nem tudunk felel\u0151ss\u00e9get v\u00e1llalni.<\/li>\n<li>A vend\u00e9gh\u00e1z els\u0151 \u00e9s h\u00e1ts\u00f3 udvar\u00e1n biztons\u00e1gi kamer\u00e1kat helyezt\u00fcnk el.<\/li>\n<li>A vend\u00e9gh\u00e1zban sz\u00e9nmonoxid \u00e9rz\u00e9kel\u0151 m\u0171k\u00f6dik, melynek jelz\u00e9se eset\u00e9n k\u00e9rj\u00fck, hogy a h\u00e1zat a bej\u00e1rati ajt\u00f3n vagy a terasz ajt\u00f3kon kereszt\u00fcl azonnal hagyd el \u00e9s halad\u00e9ktalanul h\u00edvd a 105 vagy a +36 30 1477077es telefonsz\u00e1mokat. Rosszull\u00e9t eset\u00e9n azonnal \u00e9rtes\u00edtsd a 104 vagy 112 telefonsz\u00e1mot.<\/li>\n<\/ul>\n<p><b>Takar\u00edt\u00e1s<\/b><\/p>\n<ul>\n<li>A vend\u00e9gh\u00e1zat tiszt\u00e1n kapod meg, \u00edgy k\u00e9rj\u00fck, \u00fcgyelj a rendre, tisztas\u00e1gra!<span class=\"Apple-converted-space\">\u00a0<\/span><\/li>\n<li>K\u00e9rj\u00fck, hogy a h\u00e1l\u00f3szob\u00e1kban ne \u00e9tkezz.<span class=\"Apple-converted-space\">\u00a0<\/span><\/li>\n<li>A h\u00e1z takar\u00edt\u00e1s\u00e1t, felk\u00e9sz\u00edt\u00e9s\u00e9t 10.00-14.00 k\u00f6z\u00f6tt v\u00e9gezz\u00fck.<\/li>\n<li>K\u00e9r\u00e9sedre az \u00e1gynem\u0171 napi cser\u00e9t is megoldjuk, melynek d\u00edja 3.000 forint\/csere\/f\u0151.<\/li>\n<li>Hosszabb itt tart\u00f3zkod\u00e1s eset\u00e9n hetente egyszer \u00e1gynem\u0171 \u00e9s t\u00f6r\u00f6lk\u00f6z\u0151 cser\u00e9t ingyenesen biztos\u00edtunk.<span class=\"Apple-converted-space\">\u00a0<\/span><\/li>\n<li>K\u00e9r\u00e9sedre az itt tart\u00f3zkod\u00e1sod alatti napi takar\u00edt\u00e1st is megoldjuk, melynek d\u00edja 10.000 forint\/takar\u00edt\u00e1s. E szolg\u00e1ltat\u00e1sunk biztos\u00edt\u00e1s\u00e1hoz mindenk\u00e9pp el\u0151re egyeztet\u00e9s sz\u00fcks\u00e9ges.<\/li>\n<li>A sz\u00e1ll\u00e1shely elhagy\u00e1s\u00e1t megel\u0151z\u0151en k\u00e9rj\u00fck, hogy mosd el magad ut\u00e1n az ed\u00e9nyeket, ev\u0151eszk\u00f6z\u00f6ket, grill \u00e9s bogr\u00e1cs kell\u00e9keket.<\/li>\n<li>A h\u00e1ztart\u00e1si szemetet a konyh\u00e1ban \u00e9s a f\u00fcrd\u0151szob\u00e1ban, h\u00e1l\u00f3szob\u00e1kban tal\u00e1lhat\u00f3 szemetesben tudod gy\u0171jteni.<\/li>\n<\/ul>\n<p><b>Kandall\u00f3<\/b><\/p>\n<ul>\n<li>A kandall\u00f3t mindig csukott ajt\u00f3val m\u0171k\u00f6dtesd, ne hagyd fel\u00fcgyelet n\u00e9lk\u00fcl!<\/li>\n<li>Enged\u00e9lyezett t\u00fczel\u0151anyagok: term\u00e9szetes kem\u00e9nyfa (t\u00f6lgy, ak\u00e1c)<\/li>\n<\/ul>\n<p><span class=\"Apple-converted-space\">\u00a0<\/span>(egyid\u0151ben. 4 darab fahas\u00e1b, max. 33cm hossz\u00fas\u00e1gban).<span class=\"Apple-converted-space\">\u00a0<\/span><\/p>\n<ul>\n<li>Feny\u0151f\u00e1t a kandall\u00f3ba tenni nem megengedett!<\/li>\n<li>Ne haszn\u00e1lj foly\u00e9kony gy\u00fajt\u00f3anyagot!<\/li>\n<li>Amennyiben a k\u00e9sz\u00fcl\u00e9k felforr\u00f3sodott, a kezel\u00e9shez haszn\u00e1ld a seg\u00e9deszk\u00f6z\u00f6ket.<\/li>\n<li>A kandall\u00f3t csak hideg \u00e1llapotban szabad kitakar\u00edtani! F\u0171t\u0151 \u00fczemm\u00f3dban a fel\u00fcletek, a betekint\u0151 ablakok \u00e9s a fog\u00f3k nagyon felforr\u00f3sodhatnak.<\/li>\n<li>Figyelmeztesd a gyermeket ezekre a vesz\u00e9lyekre \u00e9s a f\u0171t\u00e9s idej\u00e9re tartsd \u0151ket t\u00e1vol a kandall\u00f3t\u00f3l.<\/li>\n<li>\u00dcgyelj arra, hogy a f\u0171t\u0151ajt\u00f3t csak lassan szabad kinyitni, el\u0151sz\u00f6r csak r\u00e9snyire, majd n\u00e9h\u00e1ny m\u00e1sodperc m\u00falva teljesen. Ezen k\u00edv\u00fcl, ha tov\u00e1bbi t\u00fczel\u0151anyagot akarsz a t\u0171zre tenni, az ajt\u00f3 kinyit\u00e1sa el\u0151tt m\u00e1r csak a par\u00e1zs\u00e1gy lehet az \u00e9g\u00e9st\u00e9rben, azaz nem szabad, hogy l\u00e1ngok legyenek l\u00e1that\u00f3k.<\/li>\n<li>A kandall\u00f3t csak hideg \u00e1llapotban szabad kitakar\u00edtani \u00e9s k\u00fcl\u00f6n\u00f6sen \u00fcgyelj arra, hogy a forr\u00f3 hamut a t\u0171zvesz\u00e9ly v\u00e9gett soha ne vedd ki!<\/li>\n<\/ul>\n<p><b>Jakuzzi<\/b><span class=\"Apple-converted-space\">\u00a0<\/span><\/p>\n<ul>\n<li>A jakuzzi nem f\u00fcrd\u00e9sre, hanem laz\u00edt\u00e1sra , massz\u00e1zsra val\u00f3.<span class=\"Apple-converted-space\">\u00a0 <\/span>\ud83d\ude42<\/li>\n<li>Haszn\u00e1lat el\u0151tt az alapos tusol\u00e1s k\u00f6telez\u0151, ezzel is cs\u00f6kkentve az idegen anyagok, egy\u00e9b szennyez\u0151d\u00e9sek beker\u00fcl\u00e9s\u00e9t a jakuzzi v\u00edzter\u00e9be.<span class=\"Apple-converted-space\">\u00a0<\/span><\/li>\n<li>A jakuzziban csak tiszta f\u00fcrd\u0151ruh\u00e1ban szabad tart\u00f3zkodni.<span class=\"Apple-converted-space\">\u00a0<\/span><\/li>\n<li>A jakuzziban egyszerre max. 6 f\u0151 tart\u00f3zkodhat, biztos\u00edtva ezzel a v\u00edz min\u0151s\u00e9g\u00e9nek meg\u0151rz\u00e9s\u00e9t.<span class=\"Apple-converted-space\">\u00a0<\/span><\/li>\n<li>Gyerekek csak feln\u0151ttek gondos fel\u00fcgyelete mellett haszn\u00e1lj\u00e1k! Gyermekek ne haszn\u00e1lj\u00e1k a medenc\u00e9t, ha a v\u00edzh\u0151m\u00e9rs\u00e9klet meghaladja a 37 \u030aC-ot!<\/li>\n<li>Mivel a hosszas f\u00fcrd\u0151z\u00e9s 38 C\u00b0-ot meg-halad\u00f3h\u0151m\u00e9rs\u00e9klet\u0171 v\u00edzben k\u00e1ros lehet az eg\u00e9szs\u00e9gre, javasoljuk, hogy a kisgyerekek \u00e9s a meleg v\u00edzre \u00e9rz\u00e9kenyek alacsonyabb h\u0151m\u00e9rs\u00e9kleten \u00e9s r\u00f6videbb ideig haszn\u00e1lj\u00e1k a medenc\u00e9t!<span class=\"Apple-converted-space\">\u00a0<\/span><\/li>\n<li>Ne hagyj\u00e1tok, hogy a gyermek v\u00edz al\u00e1 mer\u00edtse a fej\u00e9t!<span class=\"Apple-converted-space\">\u00a0<\/span><\/li>\n<li>Ne haszn\u00e1ld a medenc\u00e9t, ha a testr\u00e9szek \u00e9s a haj besz\u00edv\u00e1s\u00e1t megakad\u00e1lyoz\u00f3 v\u00e9d\u0151elemek el vannak t\u00e1vol\u00edtva!<span class=\"Apple-converted-space\">\u00a0<\/span><\/li>\n<li>Ne \u00fclj a v\u00edzsz\u0171r\u0151 ny\u00edl\u00e1sa el\u00e9 vagy f\u00f6l\u00e9, mivel ez g\u00e1tolhatja v\u00edz keringtet\u00e9s\u00e9t \u00e9s szem\u00e9lyi s\u00e9r\u00fcl\u00e9st okozhat.<span class=\"Apple-converted-space\">\u00a0<\/span><\/li>\n<li>Ne m\u0171k\u00f6dtesd a massz\u00e1zshelyek szivatty\u00fait teljesen z\u00e1rt f\u00fav\u00f3k\u00e1kkal!<span class=\"Apple-converted-space\">\u00a0<\/span><\/li>\n<li>Ha a jakuzzi haszn\u00e1laton k\u00edv\u00fcl van, a biztons\u00e1gi thermo tet\u0151 mindig legyen felszerelve \u00e9s lez\u00e1rva!<span class=\"Apple-converted-space\">\u00a0<\/span><\/li>\n<li>Terhes n\u0151k, gy\u00f3gykezel\u00e9s alatt \u00e1ll\u00f3 vagy kering\u00e9si panaszokkal rendelkez\u0151 szem\u00e9lyek k\u00e9rj\u00e9k orvos tan\u00e1cs\u00e1t a medence haszn\u00e1latba v\u00e9tele el\u0151tt!<span class=\"Apple-converted-space\">\u00a0<\/span><\/li>\n<li>L\u00e9gy el\u0151vigy\u00e1zatos a be-\u00e9s kisz\u00e1ll\u00e1sn\u00e1l, mindig haszn\u00e1ld a l\u00e9pcs\u0151t! Vigy\u00e1zz a cs\u00fasz\u00e1svesz\u00e9lyre!<\/li>\n<li>Kapcsold ki a massz\u00e1zsfunkci\u00f3kat, miel\u0151tt besz\u00e1llsz, hogy l\u00e1sd hova l\u00e9psz!<span class=\"Apple-converted-space\">\u00a0<\/span><\/li>\n<li>Ne haszn\u00e1lj elektromos berendez\u00e9seket (mint p\u00e9ld\u00e1ul l\u00e1mpa, hajsz\u00e1r\u00edt\u00f3, r\u00e1di\u00f3, telev\u00edzi\u00f3) a jakuzzi 1,5 m\u00e9teres k\u00f6rzet\u00e9ben.<\/li>\n<li>A jakuzzit nem sz\u00e1nt\u00e1k cs\u00f6kkent fizikai, \u00e9rz\u00e9kel\u00e9si vagy szellemi k\u00e9pess\u00e9g\u0171, illetve tapasztalattal vagy ismerettel nem rendelkez\u0151 szem\u00e9lyek \u00e1ltali haszn\u00e1latra (bele\u00e9rtve a gyermekeket is), kiv\u00e9ve, ha egy olyan szem\u00e9ly fel\u00fcgyeli vagy t\u00e1j\u00e9koztatja \u0151ket a k\u00e9sz\u00fcl\u00e9k haszn\u00e1lat\u00e1t illet\u0151en, aki egyben felel\u0151s a biztons\u00e1guk\u00e9rt!<span class=\"Apple-converted-space\">\u00a0<\/span><\/li>\n<li>Az eszm\u00e9letveszt\u00e9s \u00e9s esetleges fullad\u00e1s elker\u00fcl\u00e9se v\u00e9gett ne haszn\u00e1lj k\u00e1b\u00edt\u00f3szert \u00e9s ne fogyassz alkoholt f\u00fcrd\u0151z\u00e9s el\u0151tt \u00e9s k\u00f6zben!<span class=\"Apple-converted-space\">\u00a0<\/span><\/li>\n<li>A jakuzziba \u00e9telt vagy italt bevinni TILOS!<span class=\"Apple-converted-space\">\u00a0<\/span><\/li>\n<li>K\u00e9rj\u00fck, a jakuzzit ne t\u00e9veszd \u00f6ssze a h\u00e1l\u00f3szob\u00e1val!<\/li>\n<li>Amennyiben a jakuzzi viz\u00e9t a nem szab\u00e1lyszer\u0171 haszn\u00e1lat miatt (pl. bele\u00f6ml\u00f6tt ital, belehullott \u00e9tel, t\u00fal sok egyszerre haszn\u00e1l\u00f3 szem\u00e9ly, szennyezett, homokos ruh\u00e1zattal val\u00f3 f\u00fcrd\u0151z\u00e9s, naptej haszn\u00e1lata, \u00f3vszer, stb) cser\u00e9lni kell, \u00fagy annak k\u00f6lts\u00e9g\u00e9t a Vend\u00e9geknek meg kell t\u00e9r\u00edteni\u00fck. Ennek d\u00edja: 100.000 Ft.<\/li>\n<\/ul>\n<p>A vend\u00e9g felel\u0151s a saj\u00e1t viselked\u00e9s\u00e9\u00e9rt a h\u00e1zban \u00e9s annak k\u00f6rny\u00e9k\u00e9n, az esetleges baleset\u00e9rt maga viseli a k\u00f6vetkezm\u00e9nyeket!<\/p>\n<p><b>T\u0171zrak\u00e1s<\/b><b><\/b><\/p>\n<ul>\n<li>T\u00fczet rakni csak a kijel\u00f6lt t\u0171zrak\u00f3 helyen lehet a mindenkori t\u0171zv\u00e9delmi szab\u00e1lyok betart\u00e1s\u00e1val.\u00a0 K\u00e9rj\u00fck, hogy a t\u00fczet ne hagyd \u0151rizetlen\u00fcl, \u00e9s ha befejezted a t\u0171zzel kapcsolatos tev\u00e9kenys\u00e9get, fontos, hogy meggy\u0151z\u0151dj arr\u00f3l, hogy a t\u00fczet val\u00f3ban eloltottad.<\/li>\n<li>A t\u0171zif\u00e1n \u00e9s pap\u00edron k\u00edv\u00fcl m\u00e1s anyagok (pl. m\u0171anyag, gumi) \u00e9get\u00e9se szigor\u00faan tilos!<\/li>\n<\/ul>\n<p><b>Parkol\u00e1s<\/b><b><\/b><\/p>\n<ul>\n<li>A vend\u00e9gh\u00e1zunk a kerten bel\u00fcl kett\u0151, szabadt\u00e9ri parkol\u00f3hellyel rendelkezik, k\u00e9rj\u00fck, hogy lehet\u0151s\u00e9g szerint ezt haszn\u00e1ld, ne a h\u00e1z el\u0151tt parkolj!<\/li>\n<li>Elektromos aut\u00f3 sz\u00e1m\u00e1ra a parkol\u00f3ban t\u00f6lt\u00e9si lehet\u0151s\u00e9get alak\u00edtottunk ki.<\/li>\n<\/ul>\n<p><b>WIFI<\/b><\/p>\n<ul>\n<li>A vend\u00e9gh\u00e1zban Wifi rendszer \u00fczemel, amelynek haszn\u00e1lata t\u00e9r\u00edt\u00e9smentes.<\/li>\n<li>A Wifi folyamatos, megszak\u00edt\u00e1s n\u00e9lk\u00fcli m\u0171k\u00f6d\u00e9s\u00e9t \u00e9s el\u00e9rhet\u0151s\u00e9g\u00e9t az \u00fczemeltet\u0151 nem garant\u00e1lja.<\/li>\n<li>A Wifi haszn\u00e1lata sor\u00e1n vagy k\u00f6vetkezt\u00e9ben a vend\u00e9g k\u00e9sz\u00fcl\u00e9k\u00e9ben vagy annak tartalm\u00e1ban keletkezett k\u00f6zvetlen vagy k\u00f6zvetett k\u00e1rok\u00e9rt az \u00fczemeltet\u0151 nem v\u00e1llal felel\u0151ss\u00e9get. A szolg\u00e1ltat\u00e1st a vend\u00e9g a saj\u00e1t felel\u0151ss\u00e9g\u00e9re \u00e9s kock\u00e1zat\u00e1ra veszi ig\u00e9nybe.<\/li>\n<li>WIFI: Felhaszn\u00e1l\u00f3n\u00e9v: BaberCottage<span class=\"Apple-converted-space\">\u00a0 \u00a0 \u00a0 <\/span>Jelsz\u00f3:tihany4U<\/li>\n<\/ul>\n<p><b>Egy\u00e9b k\u00e9nyelmi szolg\u00e1ltat\u00e1sok<\/b><\/p>\n<ul>\n<li>vasal\u00f3, vasal\u00f3deszka<\/li>\n<li>eserny\u0151<\/li>\n<li>cip\u0151\u00e1pol\u00f3k\u00e9szlet<\/li>\n<li>varr\u00f3k\u00e9szlet<\/li>\n<\/ul>\n<p><b>Hibajelent\u00e9s<\/b><b><\/b><\/p>\n<ul>\n<li>K\u00e9r\u00fcnk, hogy a vend\u00e9gh\u00e1zakban tapasztalt mindennem\u0171 meghib\u00e1sod\u00e1st az \u00fczemeltet\u0151 r\u00e9sz\u00e9re halad\u00e9ktalanul jelezd a +36 301477077 telefonsz\u00e1mon<\/li>\n<li>A vend\u00e9g k\u00f6teles a vend\u00e9gh\u00e1z eszk\u00f6zeit, berendez\u00e9seit rendeltet\u00e9sszer\u0171en haszn\u00e1lni. A nem rendeltet\u00e9sszer\u0171 haszn\u00e1latb\u00f3l ered\u0151 k\u00e1rt a vend\u00e9g az \u00fczemeltet\u0151 felh\u00edv\u00e1s\u00e1ra, de legk\u00e9s\u0151bb a t\u00e1voz\u00e1sa el\u0151tt k\u00f6teles megt\u00e9r\u00edteni.<\/li>\n<li>A sz\u00e1ll\u00e1s ter\u00fclet\u00e9n okozott k\u00e1rt a k\u00e1rokoz\u00f3 vagy annak t\u00f6rv\u00e9nyes k\u00e9pvisel\u0151je k\u00f6teles megt\u00e9r\u00edteni.<\/li>\n<li>Amennyiben a tart\u00f3zkod\u00e1s alatt az apartmannal, szob\u00e1val kapcsolatban b\u00e1rmilyen probl\u00e9ma felmer\u00fcl, k\u00e9rj\u00fck, halad\u00e9ktalanul \u00e9rtes\u00edtse arr\u00f3l a sz\u00e1ll\u00e1sad\u00f3t! Ut\u00f3lagos reklam\u00e1ci\u00f3t nem \u00e1ll m\u00f3dunkban elfogadni!<\/li>\n<li>A vend\u00e9gh\u00e1z b\u00e1rmely eszk\u00f6zeinek, berendez\u00e9si, felszerel\u00e9si t\u00e1rgyainak meghib\u00e1sod\u00e1s\u00e1t a vend\u00e9g k\u00f6teles bejelenteni az \u00fczemeltet\u0151nek. A vend\u00e9g nem jogosult a hib\u00e1t saj\u00e1t maga jav\u00edtani vagy a jav\u00edt\u00e1st megk\u00eds\u00e9relni. Az ebb\u0151l ered\u0151 k\u00e1rok\u00e9rt \u00fczemeltet\u0151 a felel\u0151ss\u00e9g\u00e9t kiz\u00e1rja.<\/li>\n<\/ul>\n<p><b>A sz\u00e1ll\u00e1shely k\u00e1rt\u00e9r\u00edt\u00e9si felel\u0151ss\u00e9ge<\/b><b><\/b><\/p>\n<ul>\n<li>Az \u00fczemeltet\u0151 a vend\u00e9g vend\u00e9gh\u00e1zba bevitt dolgaiban keletkezett k\u00e1r\u00e9rt nem tartozik felel\u0151ss\u00e9ggel.<\/li>\n<li>A vend\u00e9g a vend\u00e9gh\u00e1zat saj\u00e1t felel\u0151ss\u00e9g\u00e9re veszi haszn\u00e1latba, a haszn\u00e1latb\u00f3l ered\u0151 k\u00e1rok\u00e9rt az \u00fczemeltet\u0151 nem tartozik felel\u0151s\u00e9ggel.<\/li>\n<\/ul>\n<p>Kellemes kikapcsol\u00f3d\u00e1st \u00e9s nagyon j\u00f3 pihen\u00e9st k\u00edv\u00e1n a Bab\u00e9r Cottage csapata<\/p>\n<p>Bab\u00e9r Cottage Vend\u00e9gh\u00e1z,<span class=\"Apple-converted-space\">\u00a0 <\/span>NTAK sz\u00e1m: EG21007375<\/p>\n<p>\u00dczemeltet\u0151: Tiving 2021 Kft.<\/p>\n<p>Tel.: +36 30 1477077<\/p>\n<p>www.babercottage.hu<\/p>\n<p>kapcsolat@babercottage.hu[\/vc_column_text][\/vc_column][\/vc_row]<\/p>\n<\/div>","protected":false},"excerpt":{"rendered":"<p>[vc_row][vc_column][vc_column_text]\u00c9rkez\u00e9s \u00e9s t\u00e1voz\u00e1s\u00a0 A megadott \u00e9rkez\u00e9si\/elutaz\u00e1si id\u0151pontban a tulajdonos \u00e9s\/vagy k\u00e9pvisel\u0151je jelen van.\u00a0 \u00c9rkez\u00e9skor a bejelent\u00e9s miatt k\u00e9rj\u00fck bemutatni szem\u00e9lyes dokumentumaikat (\u00fatlev\u00e9l vagy f\u00e9nyk\u00e9pes igazolv\u00e1ny). Elfogadott fizet\u00e9si m\u00f3dok: \u00e1tutal\u00e1s, SZ\u00c9P k\u00e1rtya, k\u00e9szp\u00e9nz. A sz\u00e1ll\u00e1shelyet az \u00e9rkez\u00e9snapj\u00e1n 14:00 \u00e9s 18:00 \u00f3ra k\u00f6z\u00f6tt foglalhatod el. Vend\u00e9gh\u00e1zunk nem rendelkezik \u00e1lland\u00f3 recepci\u00f3szolg\u00e1lattal, \u00edgy k\u00e9rj\u00fck \u00e9rkez\u00e9sedet legal\u00e1bb 30 perccel azt [&hellip;]<\/p>\n","protected":false},"author":1,"featured_media":0,"parent":0,"menu_order":0,"comment_status":"closed","ping_status":"closed","template":"","meta":{"footnotes":""},"class_list":["post-4168","page","type-page","status-publish","hentry"],"_links":{"self":[{"href":"https:\/\/babercottage.hu\/index.php?rest_route=\/wp\/v2\/pages\/4168","targetHints":{"allow":["GET"]}}],"collection":[{"href":"https:\/\/babercottage.hu\/index.php?rest_route=\/wp\/v2\/pages"}],"about":[{"href":"https:\/\/babercottage.hu\/index.php?rest_route=\/wp\/v2\/types\/page"}],"author":[{"embeddable":true,"href":"https:\/\/babercottage.hu\/index.php?rest_route=\/wp\/v2\/users\/1"}],"replies":[{"embeddable":true,"href":"https:\/\/babercottage.hu\/index.php?rest_route=%2Fwp%2Fv2%2Fcomments&post=4168"}],"version-history":[{"count":5,"href":"https:\/\/babercottage.hu\/index.php?rest_route=\/wp\/v2\/pages\/4168\/revisions"}],"predecessor-version":[{"id":4175,"href":"https:\/\/babercottage.hu\/index.php?rest_route=\/wp\/v2\/pages\/4168\/revisions\/4175"}],"wp:attachment":[{"href":"https:\/\/babercottage.hu\/index.php?rest_route=%2Fwp%2Fv2%2Fmedia&parent=4168"}],"curies":[{"name":"wp","href":"https:\/\/api.w.org\/{rel}","templated":true}]}}